{"id":10,"date":"2023-08-22T23:33:05","date_gmt":"2023-08-22T21:33:05","guid":{"rendered":"http:\/\/profikeramik-sponring.at\/?page_id=10"},"modified":"2023-08-28T16:03:47","modified_gmt":"2023-08-28T14:03:47","slug":"leistungen","status":"publish","type":"page","link":"http:\/\/www.profikeramik-sponring.at\/?page_id=10","title":{"rendered":"LEISTUNGEN"},"content":{"rendered":"\n<h3 class=\"wp-block-heading\"><strong>WIR BERATEN<\/strong><\/h3>\n\n\n\n<p>Die individuelle Beratung unserer Kunden ist uns sehr wichtig. Ob Wohn- oder Arbeitsr\u00e4ume, wir stehen Ihnen kompetent zur Verf\u00fcgung, um Ihre ganz pers\u00f6nlichen Fliesentr\u00e4ume zu verwirklichen. Damit Sie sich in Ihrem Umfeld noch wohler f\u00fchlen, bieten wir Ihnen raumenergethische Beratungen, durch unsere dipl. Fachkraft, Frau Susanne Sponring, an.<\/p>\n\n\n\n<figure class=\"wp-block-image size-full is-resized\"><img loading=\"lazy\" decoding=\"async\" src=\"http:\/\/profikeramik-sponring.at\/wp-content\/uploads\/2023\/08\/Sponring16-Kopie.jpg\" alt=\"\" class=\"wp-image-39\" style=\"width:326px;height:326px\" width=\"326\" height=\"326\" srcset=\"http:\/\/www.profikeramik-sponring.at\/wp-content\/uploads\/2023\/08\/Sponring16-Kopie.jpg 178w, http:\/\/www.profikeramik-sponring.at\/wp-content\/uploads\/2023\/08\/Sponring16-Kopie-150x150.jpg 150w\" sizes=\"auto, (max-width: 326px) 100vw, 326px\" \/><\/figure>\n\n\n\n<h3 class=\"wp-block-heading\"><strong>WIR VERLEGEN<\/strong><\/h3>\n\n\n\n<p>Fliesenlegermesiter Roland Sponring verlegt keramische Wand- und Bodenbel\u00e4ge aller Gr\u00f6\u00dfen und setzt dabei h\u00f6chsten Standard.<\/p>\n\n\n\n<figure class=\"wp-block-gallery has-nested-images columns-default is-cropped wp-block-gallery-1 is-layout-flex wp-block-gallery-is-layout-flex\">\n<figure class=\"wp-block-image size-large\"><img decoding=\"async\" data-id=\"41\" src=\"http:\/\/profikeramik-sponring.at\/wp-content\/uploads\/2023\/08\/Referenzenmappe21-Kopie-1.jpg\" alt=\"\" class=\"wp-image-41\"\/><\/figure>\n\n\n\n<figure class=\"wp-block-image size-full is-resized is-style-default\"><img decoding=\"async\" data-id=\"42\" src=\"http:\/\/profikeramik-sponring.at\/wp-content\/uploads\/2023\/08\/Referenzenmappe24-Kopie.jpg\" alt=\"\" class=\"wp-image-42\" style=\"height:32px\" height=\"32\"\/><\/figure>\n<\/figure>\n\n\n\n<p><strong>WIR RENOVIEREN UND SANIEREN<\/strong><\/p>\n\n\n\n<p>In Zusammenarbeit mit Architekten, Baumeistern und renommierten Fachbetrieben bieten wir Ihnen Renovierung und Sanierung aus einer Hand. <br>Sie \u00e4u\u00dfern Ihre W\u00fcnsche und wir koordinieren deren Verwirklichung.<\/p>\n\n\n\n<p>Bildquelle: Profikeramik Sponring<\/p>\n","protected":false},"excerpt":{"rendered":"<p>WIR BERATEN Die individuelle Beratung unserer Kunden ist uns sehr wichtig. Ob Wohn- oder Arbeitsr\u00e4ume, wir stehen Ihnen kompetent zur Verf\u00fcgung, um Ihre ganz pers\u00f6nlichen Fliesentr\u00e4ume zu verwirklichen. Damit Sie sich in Ihrem Umfeld noch wohler f\u00fchlen, bieten wir Ihnen raumenergethische Beratungen, durch unsere dipl. Fachkraft, Frau Susanne Sponring, an. WIR VERLEGEN Fliesenlegermesiter Roland Sponring [&hellip;]<\/p>\n","protected":false},"author":1,"featured_media":0,"parent":0,"menu_order":0,"comment_status":"closed","ping_status":"closed","template":"","meta":{"footnotes":""},"class_list":["post-10","page","type-page","status-publish","hentry","post"],"_links":{"self":[{"href":"http:\/\/www.profikeramik-sponring.at\/index.php?rest_route=\/wp\/v2\/pages\/10","targetHints":{"allow":["GET"]}}],"collection":[{"href":"http:\/\/www.profikeramik-sponring.at\/index.php?rest_route=\/wp\/v2\/pages"}],"about":[{"href":"http:\/\/www.profikeramik-sponring.at\/index.php?rest_route=\/wp\/v2\/types\/page"}],"author":[{"embeddable":true,"href":"http:\/\/www.profikeramik-sponring.at\/index.php?rest_route=\/wp\/v2\/users\/1"}],"replies":[{"embeddable":true,"href":"http:\/\/www.profikeramik-sponring.at\/index.php?rest_route=%2Fwp%2Fv2%2Fcomments&post=10"}],"version-history":[{"count":8,"href":"http:\/\/www.profikeramik-sponring.at\/index.php?rest_route=\/wp\/v2\/pages\/10\/revisions"}],"predecessor-version":[{"id":69,"href":"http:\/\/www.profikeramik-sponring.at\/index.php?rest_route=\/wp\/v2\/pages\/10\/revisions\/69"}],"wp:attachment":[{"href":"http:\/\/www.profikeramik-sponring.at\/index.php?rest_route=%2Fwp%2Fv2%2Fmedia&parent=10"}],"curies":[{"name":"wp","href":"https:\/\/api.w.org\/{rel}","templated":true}]}}